{"id":16343,"date":"2023-07-28T12:54:09","date_gmt":"2023-07-28T15:54:09","guid":{"rendered":"https:\/\/coroasfloresbh.com.br\/?post_type=product&#038;p=16343"},"modified":"2026-02-08T19:29:56","modified_gmt":"2026-02-08T22:29:56","slug":"conjunto-3-vasos","status":"publish","type":"product","link":"https:\/\/coroasfloresbh.com.br\/coroas\/produto\/conjunto-3-vasos\/","title":{"rendered":"Conjunto 3 Vasos"},"content":{"rendered":"","protected":false},"excerpt":{"rendered":"<p>conjunto de <span style=\"color: #993366;\"><strong>3 Vasos<\/strong><\/span> \u00e9 uma forma tocante de prestar uma homenagem amorosa durante esse momento de despedida. Com dois belos <span style=\"color: #993366;\"><strong>Vasos Florais Laterais<\/strong><\/span> e uma comovente<span style=\"color: #993366;\"><strong> Floreira Central<\/strong><\/span>, essas flores s\u00e3o uma express\u00e3o de carinho e apoio aos presentes. Cada vaso foi cuidadosamente montado para transmitir serenidade e conforto aos cora\u00e7\u00f5es aflitos. Que essas flores sejam um s\u00edmbolo das lembran\u00e7as compartilhadas e do amor que permanece vivo em nossas mem\u00f3rias.<\/p>\n","protected":false},"featured_media":16275,"comment_status":"open","ping_status":"closed","template":"","meta":[],"product_brand":[],"product_cat":[113],"product_tag":[109,114,115],"class_list":{"0":"post-16343","1":"product","2":"type-product","3":"status-publish","4":"has-post-thumbnail","6":"product_cat-vasos","7":"product_tag-arranjos-de-flores","8":"product_tag-vaso","9":"product_tag-vasos-para-velorio","11":"first","12":"instock","13":"shipping-taxable","14":"purchasable","15":"product-type-simple"},"yoast_head":"<!-- This site is optimized with the Yoast SEO plugin v27.0 - https:\/\/yoast.com\/product\/yoast-seo-wordpress\/ -->\n<title>Conjunto 3 Vasos - Coroas de flores<\/title>\n<meta name=\"robots\" content=\"index, follow, max-snippet:-1, max-image-preview:large, max-video-preview:-1\" \/>\n<link rel=\"canonical\" href=\"https:\/\/coroasfloresbh.com.br\/coroas\/produto\/conjunto-3-vasos\/\" \/>\n<meta property=\"og:locale\" content=\"pt_BR\" \/>\n<meta property=\"og:type\" content=\"article\" \/>\n<meta property=\"og:title\" content=\"Conjunto 3 Vasos - Coroas de flores\" \/>\n<meta property=\"og:description\" content=\"conjunto de 3 Vasos \u00e9 uma forma tocante de prestar uma homenagem amorosa durante esse momento de despedida. Com dois belos Vasos Florais Laterais e uma comovente Floreira Central, essas flores s\u00e3o uma express\u00e3o de carinho e apoio aos presentes. Cada vaso foi cuidadosamente montado para transmitir serenidade e conforto aos cora\u00e7\u00f5es aflitos. Que essas flores sejam um s\u00edmbolo das lembran\u00e7as compartilhadas e do amor que permanece vivo em nossas mem\u00f3rias.\" \/>\n<meta property=\"og:url\" content=\"https:\/\/coroasfloresbh.com.br\/coroas\/produto\/conjunto-3-vasos\/\" \/>\n<meta property=\"og:site_name\" content=\"Coroas de flores\" \/>\n<meta property=\"article:modified_time\" content=\"2026-02-08T22:29:56+00:00\" \/>\n<meta property=\"og:image\" content=\"https:\/\/coroasfloresbh.com.br\/wp-content\/uploads\/2023\/06\/botique-de-flores-27.jpg\" \/>\n\t<meta property=\"og:image:width\" content=\"1596\" \/>\n\t<meta property=\"og:image:height\" content=\"1062\" \/>\n\t<meta property=\"og:image:type\" content=\"image\/jpeg\" \/>\n<meta name=\"twitter:card\" content=\"summary_large_image\" \/>\n<script type=\"application\/ld+json\" class=\"yoast-schema-graph\">{\"@context\":\"https:\/\/schema.org\",\"@graph\":[{\"@type\":\"WebPage\",\"@id\":\"https:\/\/coroasfloresbh.com.br\/coroas\/produto\/conjunto-3-vasos\/\",\"url\":\"https:\/\/coroasfloresbh.com.br\/coroas\/produto\/conjunto-3-vasos\/\",\"name\":\"Conjunto 3 Vasos - Coroas de flores\",\"isPartOf\":{\"@id\":\"https:\/\/coroasfloresbh.com.br\/coroas\/#website\"},\"primaryImageOfPage\":{\"@id\":\"https:\/\/coroasfloresbh.com.br\/coroas\/produto\/conjunto-3-vasos\/#primaryimage\"},\"image\":{\"@id\":\"https:\/\/coroasfloresbh.com.br\/coroas\/produto\/conjunto-3-vasos\/#primaryimage\"},\"thumbnailUrl\":\"https:\/\/coroasfloresbh.com.br\/wp-content\/uploads\/2023\/06\/botique-de-flores-27.jpg\",\"datePublished\":\"2023-07-28T15:54:09+00:00\",\"dateModified\":\"2026-02-08T22:29:56+00:00\",\"breadcrumb\":{\"@id\":\"https:\/\/coroasfloresbh.com.br\/coroas\/produto\/conjunto-3-vasos\/#breadcrumb\"},\"inLanguage\":\"pt-BR\",\"potentialAction\":[{\"@type\":\"ReadAction\",\"target\":[\"https:\/\/coroasfloresbh.com.br\/coroas\/produto\/conjunto-3-vasos\/\"]}]},{\"@type\":\"ImageObject\",\"inLanguage\":\"pt-BR\",\"@id\":\"https:\/\/coroasfloresbh.com.br\/coroas\/produto\/conjunto-3-vasos\/#primaryimage\",\"url\":\"https:\/\/coroasfloresbh.com.br\/wp-content\/uploads\/2023\/06\/botique-de-flores-27.jpg\",\"contentUrl\":\"https:\/\/coroasfloresbh.com.br\/wp-content\/uploads\/2023\/06\/botique-de-flores-27.jpg\",\"width\":1596,\"height\":1062},{\"@type\":\"BreadcrumbList\",\"@id\":\"https:\/\/coroasfloresbh.com.br\/coroas\/produto\/conjunto-3-vasos\/#breadcrumb\",\"itemListElement\":[{\"@type\":\"ListItem\",\"position\":1,\"name\":\"In\u00edcio\",\"item\":\"https:\/\/coroasfloresbh.com.br\/coroas\/\"},{\"@type\":\"ListItem\",\"position\":2,\"name\":\"Loja\",\"item\":\"https:\/\/coroasfloresbh.com.br\/coroas\/loja\/\"},{\"@type\":\"ListItem\",\"position\":3,\"name\":\"Conjunto 3 Vasos\"}]},{\"@type\":\"WebSite\",\"@id\":\"https:\/\/coroasfloresbh.com.br\/coroas\/#website\",\"url\":\"https:\/\/coroasfloresbh.com.br\/coroas\/\",\"name\":\"Coroas de flores\",\"description\":\"Coroa de flores online,venda de coroas de flores\",\"potentialAction\":[{\"@type\":\"SearchAction\",\"target\":{\"@type\":\"EntryPoint\",\"urlTemplate\":\"https:\/\/coroasfloresbh.com.br\/coroas\/?s={search_term_string}\"},\"query-input\":{\"@type\":\"PropertyValueSpecification\",\"valueRequired\":true,\"valueName\":\"search_term_string\"}}],\"inLanguage\":\"pt-BR\"}]}<\/script>\n<!-- \/ Yoast SEO plugin. -->","yoast_head_json":{"title":"Conjunto 3 Vasos - Coroas de flores","robots":{"index":"index","follow":"follow","max-snippet":"max-snippet:-1","max-image-preview":"max-image-preview:large","max-video-preview":"max-video-preview:-1"},"canonical":"https:\/\/coroasfloresbh.com.br\/coroas\/produto\/conjunto-3-vasos\/","og_locale":"pt_BR","og_type":"article","og_title":"Conjunto 3 Vasos - Coroas de flores","og_description":"conjunto de 3 Vasos \u00e9 uma forma tocante de prestar uma homenagem amorosa durante esse momento de despedida. Com dois belos Vasos Florais Laterais e uma comovente Floreira Central, essas flores s\u00e3o uma express\u00e3o de carinho e apoio aos presentes. Cada vaso foi cuidadosamente montado para transmitir serenidade e conforto aos cora\u00e7\u00f5es aflitos. Que essas flores sejam um s\u00edmbolo das lembran\u00e7as compartilhadas e do amor que permanece vivo em nossas mem\u00f3rias.","og_url":"https:\/\/coroasfloresbh.com.br\/coroas\/produto\/conjunto-3-vasos\/","og_site_name":"Coroas de flores","article_modified_time":"2026-02-08T22:29:56+00:00","og_image":[{"width":1596,"height":1062,"url":"https:\/\/coroasfloresbh.com.br\/wp-content\/uploads\/2023\/06\/botique-de-flores-27.jpg","type":"image\/jpeg"}],"twitter_card":"summary_large_image","schema":{"@context":"https:\/\/schema.org","@graph":[{"@type":"WebPage","@id":"https:\/\/coroasfloresbh.com.br\/coroas\/produto\/conjunto-3-vasos\/","url":"https:\/\/coroasfloresbh.com.br\/coroas\/produto\/conjunto-3-vasos\/","name":"Conjunto 3 Vasos - Coroas de flores","isPartOf":{"@id":"https:\/\/coroasfloresbh.com.br\/coroas\/#website"},"primaryImageOfPage":{"@id":"https:\/\/coroasfloresbh.com.br\/coroas\/produto\/conjunto-3-vasos\/#primaryimage"},"image":{"@id":"https:\/\/coroasfloresbh.com.br\/coroas\/produto\/conjunto-3-vasos\/#primaryimage"},"thumbnailUrl":"https:\/\/coroasfloresbh.com.br\/wp-content\/uploads\/2023\/06\/botique-de-flores-27.jpg","datePublished":"2023-07-28T15:54:09+00:00","dateModified":"2026-02-08T22:29:56+00:00","breadcrumb":{"@id":"https:\/\/coroasfloresbh.com.br\/coroas\/produto\/conjunto-3-vasos\/#breadcrumb"},"inLanguage":"pt-BR","potentialAction":[{"@type":"ReadAction","target":["https:\/\/coroasfloresbh.com.br\/coroas\/produto\/conjunto-3-vasos\/"]}]},{"@type":"ImageObject","inLanguage":"pt-BR","@id":"https:\/\/coroasfloresbh.com.br\/coroas\/produto\/conjunto-3-vasos\/#primaryimage","url":"https:\/\/coroasfloresbh.com.br\/wp-content\/uploads\/2023\/06\/botique-de-flores-27.jpg","contentUrl":"https:\/\/coroasfloresbh.com.br\/wp-content\/uploads\/2023\/06\/botique-de-flores-27.jpg","width":1596,"height":1062},{"@type":"BreadcrumbList","@id":"https:\/\/coroasfloresbh.com.br\/coroas\/produto\/conjunto-3-vasos\/#breadcrumb","itemListElement":[{"@type":"ListItem","position":1,"name":"In\u00edcio","item":"https:\/\/coroasfloresbh.com.br\/coroas\/"},{"@type":"ListItem","position":2,"name":"Loja","item":"https:\/\/coroasfloresbh.com.br\/coroas\/loja\/"},{"@type":"ListItem","position":3,"name":"Conjunto 3 Vasos"}]},{"@type":"WebSite","@id":"https:\/\/coroasfloresbh.com.br\/coroas\/#website","url":"https:\/\/coroasfloresbh.com.br\/coroas\/","name":"Coroas de flores","description":"Coroa de flores online,venda de coroas de flores","potentialAction":[{"@type":"SearchAction","target":{"@type":"EntryPoint","urlTemplate":"https:\/\/coroasfloresbh.com.br\/coroas\/?s={search_term_string}"},"query-input":{"@type":"PropertyValueSpecification","valueRequired":true,"valueName":"search_term_string"}}],"inLanguage":"pt-BR"}]}},"_links":{"self":[{"href":"https:\/\/coroasfloresbh.com.br\/coroas\/wp-json\/wp\/v2\/product\/16343","targetHints":{"allow":["GET"]}}],"collection":[{"href":"https:\/\/coroasfloresbh.com.br\/coroas\/wp-json\/wp\/v2\/product"}],"about":[{"href":"https:\/\/coroasfloresbh.com.br\/coroas\/wp-json\/wp\/v2\/types\/product"}],"replies":[{"embeddable":true,"href":"https:\/\/coroasfloresbh.com.br\/coroas\/wp-json\/wp\/v2\/comments?post=16343"}],"version-history":[{"count":2,"href":"https:\/\/coroasfloresbh.com.br\/coroas\/wp-json\/wp\/v2\/product\/16343\/revisions"}],"predecessor-version":[{"id":16346,"href":"https:\/\/coroasfloresbh.com.br\/coroas\/wp-json\/wp\/v2\/product\/16343\/revisions\/16346"}],"wp:featuredmedia":[{"embeddable":true,"href":"https:\/\/coroasfloresbh.com.br\/coroas\/wp-json\/wp\/v2\/media\/16275"}],"wp:attachment":[{"href":"https:\/\/coroasfloresbh.com.br\/coroas\/wp-json\/wp\/v2\/media?parent=16343"}],"wp:term":[{"taxonomy":"product_brand","embeddable":true,"href":"https:\/\/coroasfloresbh.com.br\/coroas\/wp-json\/wp\/v2\/product_brand?post=16343"},{"taxonomy":"product_cat","embeddable":true,"href":"https:\/\/coroasfloresbh.com.br\/coroas\/wp-json\/wp\/v2\/product_cat?post=16343"},{"taxonomy":"product_tag","embeddable":true,"href":"https:\/\/coroasfloresbh.com.br\/coroas\/wp-json\/wp\/v2\/product_tag?post=16343"}],"curies":[{"name":"wp","href":"https:\/\/api.w.org\/{rel}","templated":true}]}}