{"id":16339,"date":"2023-07-28T12:42:10","date_gmt":"2023-07-28T15:42:10","guid":{"rendered":"https:\/\/coroasfloresbh.com.br\/?post_type=product&#038;p=16339"},"modified":"2025-05-29T17:35:35","modified_gmt":"2025-05-29T20:35:35","slug":"sala-de-flores-saudade","status":"publish","type":"product","link":"https:\/\/coroasfloresbh.com.br\/coroas\/produto\/sala-de-flores-saudade\/","title":{"rendered":"Sala de Flores Saudade"},"content":{"rendered":"","protected":false},"excerpt":{"rendered":"<p><strong><span style=\"color: #993366;\">A Sala de Flores Saudade<\/span><\/strong> \u00e9 uma express\u00e3o profunda de amor e saudade aos entes queridos que partiram. Com quatro elegantes &#8220;<span style=\"color: #993366;\"><strong>Arranjos Florais Laterais<\/strong><\/span>&#8221; e uma comovente &#8220;<span style=\"color: #993366;\"><strong>Floreira Central<\/strong><\/span>&#8220;, cada flor escolhida simboliza a beleza das mem\u00f3rias compartilhadas. Essas flores representam a saudade carinhosa e a lembran\u00e7a eterna daqueles que permanecer\u00e3o vivos em nossos cora\u00e7\u00f5es. \u00c9 uma homenagem tocante e respeitosa que oferece conforto e serenidade durante este momento de despedida.<\/p>\n","protected":false},"featured_media":16312,"comment_status":"open","ping_status":"closed","template":"","meta":[],"product_brand":[],"product_cat":[111],"product_tag":[78,74,112],"class_list":{"0":"post-16339","1":"product","2":"type-product","3":"status-publish","4":"has-post-thumbnail","6":"product_cat-sala-de-flores","7":"product_tag-conjunto-completo-de-flores-de-velorio","8":"product_tag-coroas-para-velorio","9":"product_tag-sala-de-flores","11":"first","12":"instock","13":"shipping-taxable","14":"purchasable","15":"product-type-simple"},"yoast_head":"<!-- This site is optimized with the Yoast SEO plugin v27.0 - https:\/\/yoast.com\/product\/yoast-seo-wordpress\/ -->\n<title>Sala de Flores Saudade - Coroas de flores<\/title>\n<meta name=\"robots\" content=\"index, follow, max-snippet:-1, max-image-preview:large, max-video-preview:-1\" \/>\n<link rel=\"canonical\" href=\"https:\/\/coroasfloresbh.com.br\/coroas\/produto\/sala-de-flores-saudade\/\" \/>\n<meta property=\"og:locale\" content=\"pt_BR\" \/>\n<meta property=\"og:type\" content=\"article\" \/>\n<meta property=\"og:title\" content=\"Sala de Flores Saudade - Coroas de flores\" \/>\n<meta property=\"og:description\" content=\"A Sala de Flores Saudade \u00e9 uma express\u00e3o profunda de amor e saudade aos entes queridos que partiram. Com quatro elegantes &quot;Arranjos Florais Laterais&quot; e uma comovente &quot;Floreira Central&quot;, cada flor escolhida simboliza a beleza das mem\u00f3rias compartilhadas. Essas flores representam a saudade carinhosa e a lembran\u00e7a eterna daqueles que permanecer\u00e3o vivos em nossos cora\u00e7\u00f5es. \u00c9 uma homenagem tocante e respeitosa que oferece conforto e serenidade durante este momento de despedida.\" \/>\n<meta property=\"og:url\" content=\"https:\/\/coroasfloresbh.com.br\/coroas\/produto\/sala-de-flores-saudade\/\" \/>\n<meta property=\"og:site_name\" content=\"Coroas de flores\" \/>\n<meta property=\"article:modified_time\" content=\"2025-05-29T20:35:35+00:00\" \/>\n<meta property=\"og:image\" content=\"https:\/\/coroasfloresbh.com.br\/wp-content\/uploads\/2023\/06\/botique-de-flores-28.jpg\" \/>\n\t<meta property=\"og:image:width\" content=\"2128\" \/>\n\t<meta property=\"og:image:height\" content=\"1416\" \/>\n\t<meta property=\"og:image:type\" content=\"image\/jpeg\" \/>\n<meta name=\"twitter:card\" content=\"summary_large_image\" \/>\n<script type=\"application\/ld+json\" class=\"yoast-schema-graph\">{\"@context\":\"https:\/\/schema.org\",\"@graph\":[{\"@type\":\"WebPage\",\"@id\":\"https:\/\/coroasfloresbh.com.br\/coroas\/produto\/sala-de-flores-saudade\/\",\"url\":\"https:\/\/coroasfloresbh.com.br\/coroas\/produto\/sala-de-flores-saudade\/\",\"name\":\"Sala de Flores Saudade - Coroas de flores\",\"isPartOf\":{\"@id\":\"https:\/\/coroasfloresbh.com.br\/coroas\/#website\"},\"primaryImageOfPage\":{\"@id\":\"https:\/\/coroasfloresbh.com.br\/coroas\/produto\/sala-de-flores-saudade\/#primaryimage\"},\"image\":{\"@id\":\"https:\/\/coroasfloresbh.com.br\/coroas\/produto\/sala-de-flores-saudade\/#primaryimage\"},\"thumbnailUrl\":\"https:\/\/coroasfloresbh.com.br\/wp-content\/uploads\/2023\/06\/botique-de-flores-28.jpg\",\"datePublished\":\"2023-07-28T15:42:10+00:00\",\"dateModified\":\"2025-05-29T20:35:35+00:00\",\"breadcrumb\":{\"@id\":\"https:\/\/coroasfloresbh.com.br\/coroas\/produto\/sala-de-flores-saudade\/#breadcrumb\"},\"inLanguage\":\"pt-BR\",\"potentialAction\":[{\"@type\":\"ReadAction\",\"target\":[\"https:\/\/coroasfloresbh.com.br\/coroas\/produto\/sala-de-flores-saudade\/\"]}]},{\"@type\":\"ImageObject\",\"inLanguage\":\"pt-BR\",\"@id\":\"https:\/\/coroasfloresbh.com.br\/coroas\/produto\/sala-de-flores-saudade\/#primaryimage\",\"url\":\"https:\/\/coroasfloresbh.com.br\/wp-content\/uploads\/2023\/06\/botique-de-flores-28.jpg\",\"contentUrl\":\"https:\/\/coroasfloresbh.com.br\/wp-content\/uploads\/2023\/06\/botique-de-flores-28.jpg\",\"width\":2128,\"height\":1416},{\"@type\":\"BreadcrumbList\",\"@id\":\"https:\/\/coroasfloresbh.com.br\/coroas\/produto\/sala-de-flores-saudade\/#breadcrumb\",\"itemListElement\":[{\"@type\":\"ListItem\",\"position\":1,\"name\":\"In\u00edcio\",\"item\":\"https:\/\/coroasfloresbh.com.br\/coroas\/\"},{\"@type\":\"ListItem\",\"position\":2,\"name\":\"Loja\",\"item\":\"https:\/\/coroasfloresbh.com.br\/coroas\/loja\/\"},{\"@type\":\"ListItem\",\"position\":3,\"name\":\"Sala de Flores Saudade\"}]},{\"@type\":\"WebSite\",\"@id\":\"https:\/\/coroasfloresbh.com.br\/coroas\/#website\",\"url\":\"https:\/\/coroasfloresbh.com.br\/coroas\/\",\"name\":\"Coroas de flores\",\"description\":\"Coroa de flores online,venda de coroas de flores\",\"potentialAction\":[{\"@type\":\"SearchAction\",\"target\":{\"@type\":\"EntryPoint\",\"urlTemplate\":\"https:\/\/coroasfloresbh.com.br\/coroas\/?s={search_term_string}\"},\"query-input\":{\"@type\":\"PropertyValueSpecification\",\"valueRequired\":true,\"valueName\":\"search_term_string\"}}],\"inLanguage\":\"pt-BR\"}]}<\/script>\n<!-- \/ Yoast SEO plugin. -->","yoast_head_json":{"title":"Sala de Flores Saudade - Coroas de flores","robots":{"index":"index","follow":"follow","max-snippet":"max-snippet:-1","max-image-preview":"max-image-preview:large","max-video-preview":"max-video-preview:-1"},"canonical":"https:\/\/coroasfloresbh.com.br\/coroas\/produto\/sala-de-flores-saudade\/","og_locale":"pt_BR","og_type":"article","og_title":"Sala de Flores Saudade - Coroas de flores","og_description":"A Sala de Flores Saudade \u00e9 uma express\u00e3o profunda de amor e saudade aos entes queridos que partiram. Com quatro elegantes \"Arranjos Florais Laterais\" e uma comovente \"Floreira Central\", cada flor escolhida simboliza a beleza das mem\u00f3rias compartilhadas. Essas flores representam a saudade carinhosa e a lembran\u00e7a eterna daqueles que permanecer\u00e3o vivos em nossos cora\u00e7\u00f5es. \u00c9 uma homenagem tocante e respeitosa que oferece conforto e serenidade durante este momento de despedida.","og_url":"https:\/\/coroasfloresbh.com.br\/coroas\/produto\/sala-de-flores-saudade\/","og_site_name":"Coroas de flores","article_modified_time":"2025-05-29T20:35:35+00:00","og_image":[{"width":2128,"height":1416,"url":"https:\/\/coroasfloresbh.com.br\/wp-content\/uploads\/2023\/06\/botique-de-flores-28.jpg","type":"image\/jpeg"}],"twitter_card":"summary_large_image","schema":{"@context":"https:\/\/schema.org","@graph":[{"@type":"WebPage","@id":"https:\/\/coroasfloresbh.com.br\/coroas\/produto\/sala-de-flores-saudade\/","url":"https:\/\/coroasfloresbh.com.br\/coroas\/produto\/sala-de-flores-saudade\/","name":"Sala de Flores Saudade - Coroas de flores","isPartOf":{"@id":"https:\/\/coroasfloresbh.com.br\/coroas\/#website"},"primaryImageOfPage":{"@id":"https:\/\/coroasfloresbh.com.br\/coroas\/produto\/sala-de-flores-saudade\/#primaryimage"},"image":{"@id":"https:\/\/coroasfloresbh.com.br\/coroas\/produto\/sala-de-flores-saudade\/#primaryimage"},"thumbnailUrl":"https:\/\/coroasfloresbh.com.br\/wp-content\/uploads\/2023\/06\/botique-de-flores-28.jpg","datePublished":"2023-07-28T15:42:10+00:00","dateModified":"2025-05-29T20:35:35+00:00","breadcrumb":{"@id":"https:\/\/coroasfloresbh.com.br\/coroas\/produto\/sala-de-flores-saudade\/#breadcrumb"},"inLanguage":"pt-BR","potentialAction":[{"@type":"ReadAction","target":["https:\/\/coroasfloresbh.com.br\/coroas\/produto\/sala-de-flores-saudade\/"]}]},{"@type":"ImageObject","inLanguage":"pt-BR","@id":"https:\/\/coroasfloresbh.com.br\/coroas\/produto\/sala-de-flores-saudade\/#primaryimage","url":"https:\/\/coroasfloresbh.com.br\/wp-content\/uploads\/2023\/06\/botique-de-flores-28.jpg","contentUrl":"https:\/\/coroasfloresbh.com.br\/wp-content\/uploads\/2023\/06\/botique-de-flores-28.jpg","width":2128,"height":1416},{"@type":"BreadcrumbList","@id":"https:\/\/coroasfloresbh.com.br\/coroas\/produto\/sala-de-flores-saudade\/#breadcrumb","itemListElement":[{"@type":"ListItem","position":1,"name":"In\u00edcio","item":"https:\/\/coroasfloresbh.com.br\/coroas\/"},{"@type":"ListItem","position":2,"name":"Loja","item":"https:\/\/coroasfloresbh.com.br\/coroas\/loja\/"},{"@type":"ListItem","position":3,"name":"Sala de Flores Saudade"}]},{"@type":"WebSite","@id":"https:\/\/coroasfloresbh.com.br\/coroas\/#website","url":"https:\/\/coroasfloresbh.com.br\/coroas\/","name":"Coroas de flores","description":"Coroa de flores online,venda de coroas de flores","potentialAction":[{"@type":"SearchAction","target":{"@type":"EntryPoint","urlTemplate":"https:\/\/coroasfloresbh.com.br\/coroas\/?s={search_term_string}"},"query-input":{"@type":"PropertyValueSpecification","valueRequired":true,"valueName":"search_term_string"}}],"inLanguage":"pt-BR"}]}},"_links":{"self":[{"href":"https:\/\/coroasfloresbh.com.br\/coroas\/wp-json\/wp\/v2\/product\/16339","targetHints":{"allow":["GET"]}}],"collection":[{"href":"https:\/\/coroasfloresbh.com.br\/coroas\/wp-json\/wp\/v2\/product"}],"about":[{"href":"https:\/\/coroasfloresbh.com.br\/coroas\/wp-json\/wp\/v2\/types\/product"}],"replies":[{"embeddable":true,"href":"https:\/\/coroasfloresbh.com.br\/coroas\/wp-json\/wp\/v2\/comments?post=16339"}],"version-history":[{"count":1,"href":"https:\/\/coroasfloresbh.com.br\/coroas\/wp-json\/wp\/v2\/product\/16339\/revisions"}],"predecessor-version":[{"id":16340,"href":"https:\/\/coroasfloresbh.com.br\/coroas\/wp-json\/wp\/v2\/product\/16339\/revisions\/16340"}],"wp:featuredmedia":[{"embeddable":true,"href":"https:\/\/coroasfloresbh.com.br\/coroas\/wp-json\/wp\/v2\/media\/16312"}],"wp:attachment":[{"href":"https:\/\/coroasfloresbh.com.br\/coroas\/wp-json\/wp\/v2\/media?parent=16339"}],"wp:term":[{"taxonomy":"product_brand","embeddable":true,"href":"https:\/\/coroasfloresbh.com.br\/coroas\/wp-json\/wp\/v2\/product_brand?post=16339"},{"taxonomy":"product_cat","embeddable":true,"href":"https:\/\/coroasfloresbh.com.br\/coroas\/wp-json\/wp\/v2\/product_cat?post=16339"},{"taxonomy":"product_tag","embeddable":true,"href":"https:\/\/coroasfloresbh.com.br\/coroas\/wp-json\/wp\/v2\/product_tag?post=16339"}],"curies":[{"name":"wp","href":"https:\/\/api.w.org\/{rel}","templated":true}]}}