{"id":16337,"date":"2023-07-28T12:38:20","date_gmt":"2023-07-28T15:38:20","guid":{"rendered":"https:\/\/coroasfloresbh.com.br\/?post_type=product&#038;p=16337"},"modified":"2025-05-29T19:37:55","modified_gmt":"2025-05-29T22:37:55","slug":"sala-de-flores-eternidade","status":"publish","type":"product","link":"https:\/\/coroasfloresbh.com.br\/coroas\/produto\/sala-de-flores-eternidade\/","title":{"rendered":"Sala de Flores Eternidade"},"content":{"rendered":"","protected":false},"excerpt":{"rendered":"<p>A <span style=\"color: #993366;\"><strong>Sala de Flores Eternidade<\/strong><\/span> \u00e9 uma homenagem tocante aos entes queridos que partiram. Com um majestoso &#8220;<span style=\"color: #993366;\"><strong>Portal de Flores<\/strong><\/span>&#8220;, quatro elegantes &#8220;<span style=\"color: #993366;\"><strong>Arranjos Florais Laterais<\/strong><\/span>&#8221; e uma emocionante &#8220;<span style=\"color: #993366;\"><strong>Floreira Central<\/strong><\/span>&#8220;, ele simboliza a continuidade do amor e das lembran\u00e7as eternas. Adicionalmente, duas &#8220;<span style=\"color: #993366;\"><strong>Coroas de Flores Afeto<\/strong><\/span>&#8221; expressam o carinho e respeito aos que se foram. Acompanhada de uma &#8220;<span style=\"color: #993366;\"><strong>Limousine para Cortejo<\/strong><\/span>&#8220;, esta \u00faltima despedida \u00e9 marcada pela serenidade e honra, lembrando-nos que o legado daqueles que amamos permanece para sempre em nossos cora\u00e7\u00f5es.<\/p>\n","protected":false},"featured_media":16270,"comment_status":"open","ping_status":"closed","template":"","meta":[],"product_brand":[],"product_cat":[111],"product_tag":[109,78,74,112],"class_list":{"0":"post-16337","1":"product","2":"type-product","3":"status-publish","4":"has-post-thumbnail","6":"product_cat-sala-de-flores","7":"product_tag-arranjos-de-flores","8":"product_tag-conjunto-completo-de-flores-de-velorio","9":"product_tag-coroas-para-velorio","10":"product_tag-sala-de-flores","12":"first","13":"instock","14":"shipping-taxable","15":"purchasable","16":"product-type-simple"},"yoast_head":"<!-- This site is optimized with the Yoast SEO plugin v27.0 - https:\/\/yoast.com\/product\/yoast-seo-wordpress\/ -->\n<title>Sala de Flores Eternidade - Coroas de flores<\/title>\n<meta name=\"robots\" content=\"index, follow, max-snippet:-1, max-image-preview:large, max-video-preview:-1\" \/>\n<link rel=\"canonical\" href=\"https:\/\/coroasfloresbh.com.br\/coroas\/produto\/sala-de-flores-eternidade\/\" \/>\n<meta property=\"og:locale\" content=\"pt_BR\" \/>\n<meta property=\"og:type\" content=\"article\" \/>\n<meta property=\"og:title\" content=\"Sala de Flores Eternidade - Coroas de flores\" \/>\n<meta property=\"og:description\" content=\"A Sala de Flores Eternidade \u00e9 uma homenagem tocante aos entes queridos que partiram. Com um majestoso &quot;Portal de Flores&quot;, quatro elegantes &quot;Arranjos Florais Laterais&quot; e uma emocionante &quot;Floreira Central&quot;, ele simboliza a continuidade do amor e das lembran\u00e7as eternas. Adicionalmente, duas &quot;Coroas de Flores Afeto&quot; expressam o carinho e respeito aos que se foram. Acompanhada de uma &quot;Limousine para Cortejo&quot;, esta \u00faltima despedida \u00e9 marcada pela serenidade e honra, lembrando-nos que o legado daqueles que amamos permanece para sempre em nossos cora\u00e7\u00f5es.\" \/>\n<meta property=\"og:url\" content=\"https:\/\/coroasfloresbh.com.br\/coroas\/produto\/sala-de-flores-eternidade\/\" \/>\n<meta property=\"og:site_name\" content=\"Coroas de flores\" \/>\n<meta property=\"article:modified_time\" content=\"2025-05-29T22:37:55+00:00\" \/>\n<meta property=\"og:image\" content=\"https:\/\/coroasfloresbh.com.br\/wp-content\/uploads\/2023\/06\/botique-de-flores-22.jpg\" \/>\n\t<meta property=\"og:image:width\" content=\"1596\" \/>\n\t<meta property=\"og:image:height\" content=\"1062\" \/>\n\t<meta property=\"og:image:type\" content=\"image\/jpeg\" \/>\n<meta name=\"twitter:card\" content=\"summary_large_image\" \/>\n<script type=\"application\/ld+json\" class=\"yoast-schema-graph\">{\"@context\":\"https:\/\/schema.org\",\"@graph\":[{\"@type\":\"WebPage\",\"@id\":\"https:\/\/coroasfloresbh.com.br\/coroas\/produto\/sala-de-flores-eternidade\/\",\"url\":\"https:\/\/coroasfloresbh.com.br\/coroas\/produto\/sala-de-flores-eternidade\/\",\"name\":\"Sala de Flores Eternidade - Coroas de flores\",\"isPartOf\":{\"@id\":\"https:\/\/coroasfloresbh.com.br\/coroas\/#website\"},\"primaryImageOfPage\":{\"@id\":\"https:\/\/coroasfloresbh.com.br\/coroas\/produto\/sala-de-flores-eternidade\/#primaryimage\"},\"image\":{\"@id\":\"https:\/\/coroasfloresbh.com.br\/coroas\/produto\/sala-de-flores-eternidade\/#primaryimage\"},\"thumbnailUrl\":\"https:\/\/coroasfloresbh.com.br\/wp-content\/uploads\/2023\/06\/botique-de-flores-22.jpg\",\"datePublished\":\"2023-07-28T15:38:20+00:00\",\"dateModified\":\"2025-05-29T22:37:55+00:00\",\"breadcrumb\":{\"@id\":\"https:\/\/coroasfloresbh.com.br\/coroas\/produto\/sala-de-flores-eternidade\/#breadcrumb\"},\"inLanguage\":\"pt-BR\",\"potentialAction\":[{\"@type\":\"ReadAction\",\"target\":[\"https:\/\/coroasfloresbh.com.br\/coroas\/produto\/sala-de-flores-eternidade\/\"]}]},{\"@type\":\"ImageObject\",\"inLanguage\":\"pt-BR\",\"@id\":\"https:\/\/coroasfloresbh.com.br\/coroas\/produto\/sala-de-flores-eternidade\/#primaryimage\",\"url\":\"https:\/\/coroasfloresbh.com.br\/wp-content\/uploads\/2023\/06\/botique-de-flores-22.jpg\",\"contentUrl\":\"https:\/\/coroasfloresbh.com.br\/wp-content\/uploads\/2023\/06\/botique-de-flores-22.jpg\",\"width\":1596,\"height\":1062},{\"@type\":\"BreadcrumbList\",\"@id\":\"https:\/\/coroasfloresbh.com.br\/coroas\/produto\/sala-de-flores-eternidade\/#breadcrumb\",\"itemListElement\":[{\"@type\":\"ListItem\",\"position\":1,\"name\":\"In\u00edcio\",\"item\":\"https:\/\/coroasfloresbh.com.br\/coroas\/\"},{\"@type\":\"ListItem\",\"position\":2,\"name\":\"Loja\",\"item\":\"https:\/\/coroasfloresbh.com.br\/coroas\/loja\/\"},{\"@type\":\"ListItem\",\"position\":3,\"name\":\"Sala de Flores Eternidade\"}]},{\"@type\":\"WebSite\",\"@id\":\"https:\/\/coroasfloresbh.com.br\/coroas\/#website\",\"url\":\"https:\/\/coroasfloresbh.com.br\/coroas\/\",\"name\":\"Coroas de flores\",\"description\":\"Coroa de flores online,venda de coroas de flores\",\"potentialAction\":[{\"@type\":\"SearchAction\",\"target\":{\"@type\":\"EntryPoint\",\"urlTemplate\":\"https:\/\/coroasfloresbh.com.br\/coroas\/?s={search_term_string}\"},\"query-input\":{\"@type\":\"PropertyValueSpecification\",\"valueRequired\":true,\"valueName\":\"search_term_string\"}}],\"inLanguage\":\"pt-BR\"}]}<\/script>\n<!-- \/ Yoast SEO plugin. -->","yoast_head_json":{"title":"Sala de Flores Eternidade - Coroas de flores","robots":{"index":"index","follow":"follow","max-snippet":"max-snippet:-1","max-image-preview":"max-image-preview:large","max-video-preview":"max-video-preview:-1"},"canonical":"https:\/\/coroasfloresbh.com.br\/coroas\/produto\/sala-de-flores-eternidade\/","og_locale":"pt_BR","og_type":"article","og_title":"Sala de Flores Eternidade - Coroas de flores","og_description":"A Sala de Flores Eternidade \u00e9 uma homenagem tocante aos entes queridos que partiram. Com um majestoso \"Portal de Flores\", quatro elegantes \"Arranjos Florais Laterais\" e uma emocionante \"Floreira Central\", ele simboliza a continuidade do amor e das lembran\u00e7as eternas. Adicionalmente, duas \"Coroas de Flores Afeto\" expressam o carinho e respeito aos que se foram. Acompanhada de uma \"Limousine para Cortejo\", esta \u00faltima despedida \u00e9 marcada pela serenidade e honra, lembrando-nos que o legado daqueles que amamos permanece para sempre em nossos cora\u00e7\u00f5es.","og_url":"https:\/\/coroasfloresbh.com.br\/coroas\/produto\/sala-de-flores-eternidade\/","og_site_name":"Coroas de flores","article_modified_time":"2025-05-29T22:37:55+00:00","og_image":[{"width":1596,"height":1062,"url":"https:\/\/coroasfloresbh.com.br\/wp-content\/uploads\/2023\/06\/botique-de-flores-22.jpg","type":"image\/jpeg"}],"twitter_card":"summary_large_image","schema":{"@context":"https:\/\/schema.org","@graph":[{"@type":"WebPage","@id":"https:\/\/coroasfloresbh.com.br\/coroas\/produto\/sala-de-flores-eternidade\/","url":"https:\/\/coroasfloresbh.com.br\/coroas\/produto\/sala-de-flores-eternidade\/","name":"Sala de Flores Eternidade - Coroas de flores","isPartOf":{"@id":"https:\/\/coroasfloresbh.com.br\/coroas\/#website"},"primaryImageOfPage":{"@id":"https:\/\/coroasfloresbh.com.br\/coroas\/produto\/sala-de-flores-eternidade\/#primaryimage"},"image":{"@id":"https:\/\/coroasfloresbh.com.br\/coroas\/produto\/sala-de-flores-eternidade\/#primaryimage"},"thumbnailUrl":"https:\/\/coroasfloresbh.com.br\/wp-content\/uploads\/2023\/06\/botique-de-flores-22.jpg","datePublished":"2023-07-28T15:38:20+00:00","dateModified":"2025-05-29T22:37:55+00:00","breadcrumb":{"@id":"https:\/\/coroasfloresbh.com.br\/coroas\/produto\/sala-de-flores-eternidade\/#breadcrumb"},"inLanguage":"pt-BR","potentialAction":[{"@type":"ReadAction","target":["https:\/\/coroasfloresbh.com.br\/coroas\/produto\/sala-de-flores-eternidade\/"]}]},{"@type":"ImageObject","inLanguage":"pt-BR","@id":"https:\/\/coroasfloresbh.com.br\/coroas\/produto\/sala-de-flores-eternidade\/#primaryimage","url":"https:\/\/coroasfloresbh.com.br\/wp-content\/uploads\/2023\/06\/botique-de-flores-22.jpg","contentUrl":"https:\/\/coroasfloresbh.com.br\/wp-content\/uploads\/2023\/06\/botique-de-flores-22.jpg","width":1596,"height":1062},{"@type":"BreadcrumbList","@id":"https:\/\/coroasfloresbh.com.br\/coroas\/produto\/sala-de-flores-eternidade\/#breadcrumb","itemListElement":[{"@type":"ListItem","position":1,"name":"In\u00edcio","item":"https:\/\/coroasfloresbh.com.br\/coroas\/"},{"@type":"ListItem","position":2,"name":"Loja","item":"https:\/\/coroasfloresbh.com.br\/coroas\/loja\/"},{"@type":"ListItem","position":3,"name":"Sala de Flores Eternidade"}]},{"@type":"WebSite","@id":"https:\/\/coroasfloresbh.com.br\/coroas\/#website","url":"https:\/\/coroasfloresbh.com.br\/coroas\/","name":"Coroas de flores","description":"Coroa de flores online,venda de coroas de flores","potentialAction":[{"@type":"SearchAction","target":{"@type":"EntryPoint","urlTemplate":"https:\/\/coroasfloresbh.com.br\/coroas\/?s={search_term_string}"},"query-input":{"@type":"PropertyValueSpecification","valueRequired":true,"valueName":"search_term_string"}}],"inLanguage":"pt-BR"}]}},"_links":{"self":[{"href":"https:\/\/coroasfloresbh.com.br\/coroas\/wp-json\/wp\/v2\/product\/16337","targetHints":{"allow":["GET"]}}],"collection":[{"href":"https:\/\/coroasfloresbh.com.br\/coroas\/wp-json\/wp\/v2\/product"}],"about":[{"href":"https:\/\/coroasfloresbh.com.br\/coroas\/wp-json\/wp\/v2\/types\/product"}],"replies":[{"embeddable":true,"href":"https:\/\/coroasfloresbh.com.br\/coroas\/wp-json\/wp\/v2\/comments?post=16337"}],"version-history":[{"count":1,"href":"https:\/\/coroasfloresbh.com.br\/coroas\/wp-json\/wp\/v2\/product\/16337\/revisions"}],"predecessor-version":[{"id":16338,"href":"https:\/\/coroasfloresbh.com.br\/coroas\/wp-json\/wp\/v2\/product\/16337\/revisions\/16338"}],"wp:featuredmedia":[{"embeddable":true,"href":"https:\/\/coroasfloresbh.com.br\/coroas\/wp-json\/wp\/v2\/media\/16270"}],"wp:attachment":[{"href":"https:\/\/coroasfloresbh.com.br\/coroas\/wp-json\/wp\/v2\/media?parent=16337"}],"wp:term":[{"taxonomy":"product_brand","embeddable":true,"href":"https:\/\/coroasfloresbh.com.br\/coroas\/wp-json\/wp\/v2\/product_brand?post=16337"},{"taxonomy":"product_cat","embeddable":true,"href":"https:\/\/coroasfloresbh.com.br\/coroas\/wp-json\/wp\/v2\/product_cat?post=16337"},{"taxonomy":"product_tag","embeddable":true,"href":"https:\/\/coroasfloresbh.com.br\/coroas\/wp-json\/wp\/v2\/product_tag?post=16337"}],"curies":[{"name":"wp","href":"https:\/\/api.w.org\/{rel}","templated":true}]}}