{"id":16333,"date":"2023-07-28T12:20:54","date_gmt":"2023-07-28T15:20:54","guid":{"rendered":"https:\/\/coroasfloresbh.com.br\/?post_type=product&#038;p=16333"},"modified":"2025-05-29T19:20:23","modified_gmt":"2025-05-29T22:20:23","slug":"sala-de-flores-amor","status":"publish","type":"product","link":"https:\/\/coroasfloresbh.com.br\/coroas\/produto\/sala-de-flores-amor\/","title":{"rendered":"Sala de Flores Amor"},"content":{"rendered":"","protected":false},"excerpt":{"rendered":"<p>A <span style=\"color: #993366;\"><strong>Sala de Flores Amor<\/strong><\/span> \u00e9 um conjunto de flores especialmente projetado para prestar uma homenagem tocante e respeitosa aos entes queridos que partiram. Com sua beleza serena e significado simb\u00f3lico, esse conjunto \u00e9 uma forma de expressar amor, carinho e gratid\u00e3o aos que partiram, oferecendo um adeus emocionante e digno.<\/p>\n<p>O &#8220;Portal de Flores&#8221; que faz parte do conjunto \u00e9 uma entrada sublime, representando a passagem da vida terrena para a espiritual. Com flores delicadas e elegantes, esse portal simboliza a jornada da alma para um novo est\u00e1gio de exist\u00eancia. Ele serve como um s\u00edmbolo de esperan\u00e7a, conforto e renova\u00e7\u00e3o, enquanto os entes queridos se despedem do falecido.<\/p>\n<p>Os quatro &#8220;<span style=\"color: #993366;\"><strong>Arranjos Florais<\/strong><\/span>&#8221; que comp\u00f5em o conjunto de flores para funeral s\u00e3o dispostos com extremo cuidado e sensibilidade. As cores s\u00e3o escolhidas para transmitir serenidade, paz e amor, enquanto as flores selecionadas refletem a beleza da vida e a efemeridade da exist\u00eancia humana. Cada arranjo \u00e9 uma express\u00e3o do afeto e da gratid\u00e3o sentidos pelos entes queridos que desejam oferecer um tributo final com amor e respeito.<\/p>\n<p>No centro desse conjunto, encontramos a &#8220;<span style=\"color: #993366;\"><strong>Floreira Central<\/strong><\/span>&#8220;, uma pe\u00e7a que carrega um significado profundo e poderoso. A Floreira Central \u00e9 uma homenagem ao falecido, representando a lembran\u00e7a do amor e da conex\u00e3o que ele compartilhou com seus entes queridos. \u00c9 um s\u00edmbolo de como a presen\u00e7a do falecido permanecer\u00e1 eternamente no cora\u00e7\u00e3o daqueles que o amaram.<\/p>\n","protected":false},"featured_media":16293,"comment_status":"open","ping_status":"closed","template":"","meta":[],"product_brand":[],"product_cat":[111],"product_tag":[],"class_list":{"0":"post-16333","1":"product","2":"type-product","3":"status-publish","4":"has-post-thumbnail","6":"product_cat-sala-de-flores","8":"first","9":"instock","10":"shipping-taxable","11":"purchasable","12":"product-type-simple"},"yoast_head":"<!-- This site is optimized with the Yoast SEO plugin v27.0 - https:\/\/yoast.com\/product\/yoast-seo-wordpress\/ -->\n<title>Sala de Flores Amor - Coroas de flores<\/title>\n<meta name=\"robots\" content=\"index, follow, max-snippet:-1, max-image-preview:large, max-video-preview:-1\" \/>\n<link rel=\"canonical\" href=\"https:\/\/coroasfloresbh.com.br\/coroas\/produto\/sala-de-flores-amor\/\" \/>\n<meta property=\"og:locale\" content=\"pt_BR\" \/>\n<meta property=\"og:type\" content=\"article\" \/>\n<meta property=\"og:title\" content=\"Sala de Flores Amor - Coroas de flores\" \/>\n<meta property=\"og:description\" content=\"A Sala de Flores Amor \u00e9 um conjunto de flores especialmente projetado para prestar uma homenagem tocante e respeitosa aos entes queridos que partiram. Com sua beleza serena e significado simb\u00f3lico, esse conjunto \u00e9 uma forma de expressar amor, carinho e gratid\u00e3o aos que partiram, oferecendo um adeus emocionante e digno.  O &quot;Portal de Flores&quot; que faz parte do conjunto \u00e9 uma entrada sublime, representando a passagem da vida terrena para a espiritual. Com flores delicadas e elegantes, esse portal simboliza a jornada da alma para um novo est\u00e1gio de exist\u00eancia. Ele serve como um s\u00edmbolo de esperan\u00e7a, conforto e renova\u00e7\u00e3o, enquanto os entes queridos se despedem do falecido.  Os quatro &quot;Arranjos Florais&quot; que comp\u00f5em o conjunto de flores para funeral s\u00e3o dispostos com extremo cuidado e sensibilidade. As cores s\u00e3o escolhidas para transmitir serenidade, paz e amor, enquanto as flores selecionadas refletem a beleza da vida e a efemeridade da exist\u00eancia humana. Cada arranjo \u00e9 uma express\u00e3o do afeto e da gratid\u00e3o sentidos pelos entes queridos que desejam oferecer um tributo final com amor e respeito.  No centro desse conjunto, encontramos a &quot;Floreira Central&quot;, uma pe\u00e7a que carrega um significado profundo e poderoso. A Floreira Central \u00e9 uma homenagem ao falecido, representando a lembran\u00e7a do amor e da conex\u00e3o que ele compartilhou com seus entes queridos. \u00c9 um s\u00edmbolo de como a presen\u00e7a do falecido permanecer\u00e1 eternamente no cora\u00e7\u00e3o daqueles que o amaram.\" \/>\n<meta property=\"og:url\" content=\"https:\/\/coroasfloresbh.com.br\/coroas\/produto\/sala-de-flores-amor\/\" \/>\n<meta property=\"og:site_name\" content=\"Coroas de flores\" \/>\n<meta property=\"article:modified_time\" content=\"2025-05-29T22:20:23+00:00\" \/>\n<meta property=\"og:image\" content=\"https:\/\/coroasfloresbh.com.br\/wp-content\/uploads\/2023\/06\/botique-de-flores-18.jpg\" \/>\n\t<meta property=\"og:image:width\" content=\"1596\" \/>\n\t<meta property=\"og:image:height\" content=\"1062\" \/>\n\t<meta property=\"og:image:type\" content=\"image\/jpeg\" \/>\n<meta name=\"twitter:card\" content=\"summary_large_image\" \/>\n<script type=\"application\/ld+json\" class=\"yoast-schema-graph\">{\"@context\":\"https:\/\/schema.org\",\"@graph\":[{\"@type\":\"WebPage\",\"@id\":\"https:\/\/coroasfloresbh.com.br\/coroas\/produto\/sala-de-flores-amor\/\",\"url\":\"https:\/\/coroasfloresbh.com.br\/coroas\/produto\/sala-de-flores-amor\/\",\"name\":\"Sala de Flores Amor - Coroas de flores\",\"isPartOf\":{\"@id\":\"https:\/\/coroasfloresbh.com.br\/coroas\/#website\"},\"primaryImageOfPage\":{\"@id\":\"https:\/\/coroasfloresbh.com.br\/coroas\/produto\/sala-de-flores-amor\/#primaryimage\"},\"image\":{\"@id\":\"https:\/\/coroasfloresbh.com.br\/coroas\/produto\/sala-de-flores-amor\/#primaryimage\"},\"thumbnailUrl\":\"https:\/\/coroasfloresbh.com.br\/wp-content\/uploads\/2023\/06\/botique-de-flores-18.jpg\",\"datePublished\":\"2023-07-28T15:20:54+00:00\",\"dateModified\":\"2025-05-29T22:20:23+00:00\",\"breadcrumb\":{\"@id\":\"https:\/\/coroasfloresbh.com.br\/coroas\/produto\/sala-de-flores-amor\/#breadcrumb\"},\"inLanguage\":\"pt-BR\",\"potentialAction\":[{\"@type\":\"ReadAction\",\"target\":[\"https:\/\/coroasfloresbh.com.br\/coroas\/produto\/sala-de-flores-amor\/\"]}]},{\"@type\":\"ImageObject\",\"inLanguage\":\"pt-BR\",\"@id\":\"https:\/\/coroasfloresbh.com.br\/coroas\/produto\/sala-de-flores-amor\/#primaryimage\",\"url\":\"https:\/\/coroasfloresbh.com.br\/wp-content\/uploads\/2023\/06\/botique-de-flores-18.jpg\",\"contentUrl\":\"https:\/\/coroasfloresbh.com.br\/wp-content\/uploads\/2023\/06\/botique-de-flores-18.jpg\",\"width\":1596,\"height\":1062},{\"@type\":\"BreadcrumbList\",\"@id\":\"https:\/\/coroasfloresbh.com.br\/coroas\/produto\/sala-de-flores-amor\/#breadcrumb\",\"itemListElement\":[{\"@type\":\"ListItem\",\"position\":1,\"name\":\"In\u00edcio\",\"item\":\"https:\/\/coroasfloresbh.com.br\/coroas\/\"},{\"@type\":\"ListItem\",\"position\":2,\"name\":\"Loja\",\"item\":\"https:\/\/coroasfloresbh.com.br\/coroas\/loja\/\"},{\"@type\":\"ListItem\",\"position\":3,\"name\":\"Sala de Flores Amor\"}]},{\"@type\":\"WebSite\",\"@id\":\"https:\/\/coroasfloresbh.com.br\/coroas\/#website\",\"url\":\"https:\/\/coroasfloresbh.com.br\/coroas\/\",\"name\":\"Coroas de flores\",\"description\":\"Coroa de flores online,venda de coroas de flores\",\"potentialAction\":[{\"@type\":\"SearchAction\",\"target\":{\"@type\":\"EntryPoint\",\"urlTemplate\":\"https:\/\/coroasfloresbh.com.br\/coroas\/?s={search_term_string}\"},\"query-input\":{\"@type\":\"PropertyValueSpecification\",\"valueRequired\":true,\"valueName\":\"search_term_string\"}}],\"inLanguage\":\"pt-BR\"}]}<\/script>\n<!-- \/ Yoast SEO plugin. -->","yoast_head_json":{"title":"Sala de Flores Amor - Coroas de flores","robots":{"index":"index","follow":"follow","max-snippet":"max-snippet:-1","max-image-preview":"max-image-preview:large","max-video-preview":"max-video-preview:-1"},"canonical":"https:\/\/coroasfloresbh.com.br\/coroas\/produto\/sala-de-flores-amor\/","og_locale":"pt_BR","og_type":"article","og_title":"Sala de Flores Amor - Coroas de flores","og_description":"A Sala de Flores Amor \u00e9 um conjunto de flores especialmente projetado para prestar uma homenagem tocante e respeitosa aos entes queridos que partiram. Com sua beleza serena e significado simb\u00f3lico, esse conjunto \u00e9 uma forma de expressar amor, carinho e gratid\u00e3o aos que partiram, oferecendo um adeus emocionante e digno.  O \"Portal de Flores\" que faz parte do conjunto \u00e9 uma entrada sublime, representando a passagem da vida terrena para a espiritual. Com flores delicadas e elegantes, esse portal simboliza a jornada da alma para um novo est\u00e1gio de exist\u00eancia. Ele serve como um s\u00edmbolo de esperan\u00e7a, conforto e renova\u00e7\u00e3o, enquanto os entes queridos se despedem do falecido.  Os quatro \"Arranjos Florais\" que comp\u00f5em o conjunto de flores para funeral s\u00e3o dispostos com extremo cuidado e sensibilidade. As cores s\u00e3o escolhidas para transmitir serenidade, paz e amor, enquanto as flores selecionadas refletem a beleza da vida e a efemeridade da exist\u00eancia humana. Cada arranjo \u00e9 uma express\u00e3o do afeto e da gratid\u00e3o sentidos pelos entes queridos que desejam oferecer um tributo final com amor e respeito.  No centro desse conjunto, encontramos a \"Floreira Central\", uma pe\u00e7a que carrega um significado profundo e poderoso. A Floreira Central \u00e9 uma homenagem ao falecido, representando a lembran\u00e7a do amor e da conex\u00e3o que ele compartilhou com seus entes queridos. \u00c9 um s\u00edmbolo de como a presen\u00e7a do falecido permanecer\u00e1 eternamente no cora\u00e7\u00e3o daqueles que o amaram.","og_url":"https:\/\/coroasfloresbh.com.br\/coroas\/produto\/sala-de-flores-amor\/","og_site_name":"Coroas de flores","article_modified_time":"2025-05-29T22:20:23+00:00","og_image":[{"width":1596,"height":1062,"url":"https:\/\/coroasfloresbh.com.br\/wp-content\/uploads\/2023\/06\/botique-de-flores-18.jpg","type":"image\/jpeg"}],"twitter_card":"summary_large_image","schema":{"@context":"https:\/\/schema.org","@graph":[{"@type":"WebPage","@id":"https:\/\/coroasfloresbh.com.br\/coroas\/produto\/sala-de-flores-amor\/","url":"https:\/\/coroasfloresbh.com.br\/coroas\/produto\/sala-de-flores-amor\/","name":"Sala de Flores Amor - Coroas de flores","isPartOf":{"@id":"https:\/\/coroasfloresbh.com.br\/coroas\/#website"},"primaryImageOfPage":{"@id":"https:\/\/coroasfloresbh.com.br\/coroas\/produto\/sala-de-flores-amor\/#primaryimage"},"image":{"@id":"https:\/\/coroasfloresbh.com.br\/coroas\/produto\/sala-de-flores-amor\/#primaryimage"},"thumbnailUrl":"https:\/\/coroasfloresbh.com.br\/wp-content\/uploads\/2023\/06\/botique-de-flores-18.jpg","datePublished":"2023-07-28T15:20:54+00:00","dateModified":"2025-05-29T22:20:23+00:00","breadcrumb":{"@id":"https:\/\/coroasfloresbh.com.br\/coroas\/produto\/sala-de-flores-amor\/#breadcrumb"},"inLanguage":"pt-BR","potentialAction":[{"@type":"ReadAction","target":["https:\/\/coroasfloresbh.com.br\/coroas\/produto\/sala-de-flores-amor\/"]}]},{"@type":"ImageObject","inLanguage":"pt-BR","@id":"https:\/\/coroasfloresbh.com.br\/coroas\/produto\/sala-de-flores-amor\/#primaryimage","url":"https:\/\/coroasfloresbh.com.br\/wp-content\/uploads\/2023\/06\/botique-de-flores-18.jpg","contentUrl":"https:\/\/coroasfloresbh.com.br\/wp-content\/uploads\/2023\/06\/botique-de-flores-18.jpg","width":1596,"height":1062},{"@type":"BreadcrumbList","@id":"https:\/\/coroasfloresbh.com.br\/coroas\/produto\/sala-de-flores-amor\/#breadcrumb","itemListElement":[{"@type":"ListItem","position":1,"name":"In\u00edcio","item":"https:\/\/coroasfloresbh.com.br\/coroas\/"},{"@type":"ListItem","position":2,"name":"Loja","item":"https:\/\/coroasfloresbh.com.br\/coroas\/loja\/"},{"@type":"ListItem","position":3,"name":"Sala de Flores Amor"}]},{"@type":"WebSite","@id":"https:\/\/coroasfloresbh.com.br\/coroas\/#website","url":"https:\/\/coroasfloresbh.com.br\/coroas\/","name":"Coroas de flores","description":"Coroa de flores online,venda de coroas de flores","potentialAction":[{"@type":"SearchAction","target":{"@type":"EntryPoint","urlTemplate":"https:\/\/coroasfloresbh.com.br\/coroas\/?s={search_term_string}"},"query-input":{"@type":"PropertyValueSpecification","valueRequired":true,"valueName":"search_term_string"}}],"inLanguage":"pt-BR"}]}},"_links":{"self":[{"href":"https:\/\/coroasfloresbh.com.br\/coroas\/wp-json\/wp\/v2\/product\/16333","targetHints":{"allow":["GET"]}}],"collection":[{"href":"https:\/\/coroasfloresbh.com.br\/coroas\/wp-json\/wp\/v2\/product"}],"about":[{"href":"https:\/\/coroasfloresbh.com.br\/coroas\/wp-json\/wp\/v2\/types\/product"}],"replies":[{"embeddable":true,"href":"https:\/\/coroasfloresbh.com.br\/coroas\/wp-json\/wp\/v2\/comments?post=16333"}],"version-history":[{"count":1,"href":"https:\/\/coroasfloresbh.com.br\/coroas\/wp-json\/wp\/v2\/product\/16333\/revisions"}],"predecessor-version":[{"id":16334,"href":"https:\/\/coroasfloresbh.com.br\/coroas\/wp-json\/wp\/v2\/product\/16333\/revisions\/16334"}],"wp:featuredmedia":[{"embeddable":true,"href":"https:\/\/coroasfloresbh.com.br\/coroas\/wp-json\/wp\/v2\/media\/16293"}],"wp:attachment":[{"href":"https:\/\/coroasfloresbh.com.br\/coroas\/wp-json\/wp\/v2\/media?parent=16333"}],"wp:term":[{"taxonomy":"product_brand","embeddable":true,"href":"https:\/\/coroasfloresbh.com.br\/coroas\/wp-json\/wp\/v2\/product_brand?post=16333"},{"taxonomy":"product_cat","embeddable":true,"href":"https:\/\/coroasfloresbh.com.br\/coroas\/wp-json\/wp\/v2\/product_cat?post=16333"},{"taxonomy":"product_tag","embeddable":true,"href":"https:\/\/coroasfloresbh.com.br\/coroas\/wp-json\/wp\/v2\/product_tag?post=16333"}],"curies":[{"name":"wp","href":"https:\/\/api.w.org\/{rel}","templated":true}]}}