{"id":16101,"date":"2023-05-14T14:06:36","date_gmt":"2023-05-14T17:06:36","guid":{"rendered":"http:\/\/coroasfloresbh.com.br\/?post_type=product&#038;p=16101"},"modified":"2023-06-01T16:56:15","modified_gmt":"2023-06-01T19:56:15","slug":"coroa-padrao-boutique","status":"publish","type":"product","link":"https:\/\/coroasfloresbh.com.br\/coroas\/produto\/coroa-padrao-boutique\/","title":{"rendered":"Coroa Padr\u00e3o Boutique"},"content":{"rendered":"\t\t<div data-elementor-type=\"product-post\" data-elementor-id=\"16101\" class=\"elementor elementor-16101\" data-elementor-post-type=\"product\">\n\t\t\t\t\t\t<section class=\"elementor-section elementor-top-section elementor-element elementor-element-a731feb elementor-section-boxed elementor-section-height-default elementor-section-height-default wd-section-disabled\" data-id=\"a731feb\" data-element_type=\"section\" data-e-type=\"section\">\n\t\t\t\t\t\t<div class=\"elementor-container elementor-column-gap-default\">\n\t\t\t\t\t<div class=\"elementor-column elementor-col-50 elementor-top-column elementor-element elementor-element-f2b2145\" data-id=\"f2b2145\" data-element_type=\"column\" data-e-type=\"column\">\n\t\t\t<div class=\"elementor-widget-wrap elementor-element-populated\">\n\t\t\t\t\t\t<div class=\"elementor-element elementor-element-1d763d7 color-scheme-inherit text-left elementor-widget elementor-widget-text-editor\" data-id=\"1d763d7\" data-element_type=\"widget\" data-e-type=\"widget\" data-widget_type=\"text-editor.default\">\n\t\t\t\t<div class=\"elementor-widget-container\">\n\t\t\t\t\t\t\t\t\t<h3><strong>Arco de Flores Floren\u00e7a<\/strong><\/h3><p>Em um momento t\u00e3o delicado como o falecimento de um ente querido, muitas vezes \u00e9 dif\u00edcil encontrar as palavras certas para expressar nossos sentimentos. \u00c9 por isso que oferecemos um arco de flores com a combina\u00e7\u00e3o perfeita de flores simb\u00f3licas, para ajudar a expressar suas condol\u00eancias de uma maneira significativa.<\/p><p>Nosso arco de flores Floren\u00e7a mede 1 metro de altura e \u00e9 composto por uma combina\u00e7\u00e3o de flores altamente simb\u00f3licas, incluindo g\u00e9rberas, girass\u00f3is, copo-de-leite, ant\u00farios, tango e orqu\u00eddeas. Cada uma dessas flores representa uma mensagem \u00fanica de amor, respeito e honra.<\/p><p>As g\u00e9rberas s\u00e3o um s\u00edmbolo de beleza e alegria, enquanto os girass\u00f3is representam a luz e a esperan\u00e7a. Os copos-de-leite simbolizam a inoc\u00eancia e a pureza, e os ant\u00farios representam a honra e a admira\u00e7\u00e3o. O Tango simboliza o amor e a paix\u00e3o, enquanto as orqu\u00eddeas representam a eleg\u00e2ncia e a sofistica\u00e7\u00e3o.<\/p><p>Todas essas flores s\u00e3o cuidadosamente selecionadas e dispostas com habilidade para formar um arco impressionante e tocante. Cada detalhe \u00e9 importante para que sua homenagem seja apropriada, respeitosa e emocional.<\/p><p>Nossa equipe experiente est\u00e1 dispon\u00edvel para ajud\u00e1-lo em cada etapa do processo. N\u00f3s garantimos a entrega do arco de flores no local e hor\u00e1rio desejado, com o mais alto padr\u00e3o de qualidade.<\/p>\t\t\t\t\t\t\t\t<\/div>\n\t\t\t\t<\/div>\n\t\t\t\t\t<\/div>\n\t\t<\/div>\n\t\t\t\t<div class=\"elementor-column elementor-col-50 elementor-top-column elementor-element elementor-element-c46c718\" data-id=\"c46c718\" data-element_type=\"column\" data-e-type=\"column\">\n\t\t\t<div class=\"elementor-widget-wrap elementor-element-populated\">\n\t\t\t\t\t\t<div class=\"elementor-element elementor-element-8d9124d elementor-widget elementor-widget-image\" data-id=\"8d9124d\" data-element_type=\"widget\" data-e-type=\"widget\" data-widget_type=\"image.default\">\n\t\t\t\t<div class=\"elementor-widget-container\">\n\t\t\t\t\t\t\t\t\t\t\t\t\t\t\t<img decoding=\"async\" src=\"http:\/\/coroasfloresbh.com.br\/wp-content\/uploads\/2023\/05\/arco-florenca.jpg\" title=\"\" alt=\"\" loading=\"lazy\" \/>\t\t\t\t\t\t\t\t\t\t\t\t\t\t\t<\/div>\n\t\t\t\t<\/div>\n\t\t\t\t\t<\/div>\n\t\t<\/div>\n\t\t\t\t\t<\/div>\n\t\t<\/section>\n\t\t\t\t<\/div>\n\t\t","protected":false},"excerpt":{"rendered":"<p><span style=\"color: #800000;\"><b style=\"color: #800000;\">Nossa coroa de flores Boutique <\/b><span style=\"color: #800000;\"><b>Padr\u00e3o<\/b><\/span><b style=\"color: #800000;\"> mede 1 metro de altura e \u00e9 composto por uma combina\u00e7\u00e3o de flores altamente simb\u00f3licas, incluindo g\u00e9rberas, girass\u00f3is, copo-de-leite, ant\u00farios e tango.<\/b><\/span> Cada uma dessas flores representa uma mensagem \u00fanica de amor, respeito e honra.<\/p>\n<p>As g\u00e9rbera s\u00e3o um s\u00edmbolo de beleza e alegria, enquanto os girass\u00f3is representam a luz e a esperan\u00e7a. Os copos-de-leite simbolizam a inoc\u00eancia e a pureza, e os ant\u00farios representam a honra e a admira\u00e7\u00e3o. O Tango simboliza o amor e a paix\u00e3o, enquanto as orqu\u00eddeas representam a eleg\u00e2ncia e a sofistica\u00e7\u00e3o.<\/p>\n","protected":false},"featured_media":16311,"comment_status":"closed","ping_status":"closed","template":"","meta":[],"product_brand":[],"product_cat":[28],"product_tag":[104,105,74],"class_list":{"0":"post-16101","1":"product","2":"type-product","3":"status-publish","4":"has-post-thumbnail","6":"product_cat-coroas-padrao","7":"product_tag-arco-de-flores","8":"product_tag-arco-de-flores-para-velorio","9":"product_tag-coroas-para-velorio","10":"product_shipping_class-entrega-gratis","11":"wcpa_has_options","13":"first","14":"instock","15":"shipping-taxable","16":"purchasable","17":"product-type-simple"},"yoast_head":"<!-- This site is optimized with the Yoast SEO plugin v27.0 - https:\/\/yoast.com\/product\/yoast-seo-wordpress\/ -->\n<title>Coroa Padr\u00e3o Boutique - Coroas de flores<\/title>\n<meta name=\"robots\" content=\"index, follow, max-snippet:-1, max-image-preview:large, max-video-preview:-1\" \/>\n<link rel=\"canonical\" href=\"https:\/\/coroasfloresbh.com.br\/coroas\/produto\/coroa-padrao-boutique\/\" \/>\n<meta property=\"og:locale\" content=\"pt_BR\" \/>\n<meta property=\"og:type\" content=\"article\" \/>\n<meta property=\"og:title\" content=\"Coroa Padr\u00e3o Boutique - Coroas de flores\" \/>\n<meta property=\"og:description\" content=\"Nossa coroa de flores Boutique Padr\u00e3o mede 1 metro de altura e \u00e9 composto por uma combina\u00e7\u00e3o de flores altamente simb\u00f3licas, incluindo g\u00e9rberas, girass\u00f3is, copo-de-leite, ant\u00farios e tango. Cada uma dessas flores representa uma mensagem \u00fanica de amor, respeito e honra.  As g\u00e9rbera s\u00e3o um s\u00edmbolo de beleza e alegria, enquanto os girass\u00f3is representam a luz e a esperan\u00e7a. Os copos-de-leite simbolizam a inoc\u00eancia e a pureza, e os ant\u00farios representam a honra e a admira\u00e7\u00e3o. O Tango simboliza o amor e a paix\u00e3o, enquanto as orqu\u00eddeas representam a eleg\u00e2ncia e a sofistica\u00e7\u00e3o.\" \/>\n<meta property=\"og:url\" content=\"https:\/\/coroasfloresbh.com.br\/coroas\/produto\/coroa-padrao-boutique\/\" \/>\n<meta property=\"og:site_name\" content=\"Coroas de flores\" \/>\n<meta property=\"article:modified_time\" content=\"2023-06-01T19:56:15+00:00\" \/>\n<meta property=\"og:image\" content=\"https:\/\/coroasfloresbh.com.br\/wp-content\/uploads\/2023\/06\/botique-de-flores-51.jpg\" \/>\n\t<meta property=\"og:image:width\" content=\"2128\" \/>\n\t<meta property=\"og:image:height\" content=\"1416\" \/>\n\t<meta property=\"og:image:type\" content=\"image\/jpeg\" \/>\n<meta name=\"twitter:card\" content=\"summary_large_image\" \/>\n<meta name=\"twitter:label1\" content=\"Est. tempo de leitura\" \/>\n\t<meta name=\"twitter:data1\" content=\"1 minuto\" \/>\n<script type=\"application\/ld+json\" class=\"yoast-schema-graph\">{\"@context\":\"https:\/\/schema.org\",\"@graph\":[{\"@type\":\"WebPage\",\"@id\":\"https:\/\/coroasfloresbh.com.br\/coroas\/produto\/coroa-padrao-boutique\/\",\"url\":\"https:\/\/coroasfloresbh.com.br\/coroas\/produto\/coroa-padrao-boutique\/\",\"name\":\"Coroa Padr\u00e3o Boutique - Coroas de flores\",\"isPartOf\":{\"@id\":\"https:\/\/coroasfloresbh.com.br\/coroas\/#website\"},\"primaryImageOfPage\":{\"@id\":\"https:\/\/coroasfloresbh.com.br\/coroas\/produto\/coroa-padrao-boutique\/#primaryimage\"},\"image\":{\"@id\":\"https:\/\/coroasfloresbh.com.br\/coroas\/produto\/coroa-padrao-boutique\/#primaryimage\"},\"thumbnailUrl\":\"https:\/\/coroasfloresbh.com.br\/wp-content\/uploads\/2023\/06\/botique-de-flores-51.jpg\",\"datePublished\":\"2023-05-14T17:06:36+00:00\",\"dateModified\":\"2023-06-01T19:56:15+00:00\",\"breadcrumb\":{\"@id\":\"https:\/\/coroasfloresbh.com.br\/coroas\/produto\/coroa-padrao-boutique\/#breadcrumb\"},\"inLanguage\":\"pt-BR\",\"potentialAction\":[{\"@type\":\"ReadAction\",\"target\":[\"https:\/\/coroasfloresbh.com.br\/coroas\/produto\/coroa-padrao-boutique\/\"]}]},{\"@type\":\"ImageObject\",\"inLanguage\":\"pt-BR\",\"@id\":\"https:\/\/coroasfloresbh.com.br\/coroas\/produto\/coroa-padrao-boutique\/#primaryimage\",\"url\":\"https:\/\/coroasfloresbh.com.br\/wp-content\/uploads\/2023\/06\/botique-de-flores-51.jpg\",\"contentUrl\":\"https:\/\/coroasfloresbh.com.br\/wp-content\/uploads\/2023\/06\/botique-de-flores-51.jpg\",\"width\":2128,\"height\":1416},{\"@type\":\"BreadcrumbList\",\"@id\":\"https:\/\/coroasfloresbh.com.br\/coroas\/produto\/coroa-padrao-boutique\/#breadcrumb\",\"itemListElement\":[{\"@type\":\"ListItem\",\"position\":1,\"name\":\"In\u00edcio\",\"item\":\"https:\/\/coroasfloresbh.com.br\/coroas\/\"},{\"@type\":\"ListItem\",\"position\":2,\"name\":\"Loja\",\"item\":\"https:\/\/coroasfloresbh.com.br\/coroas\/loja\/\"},{\"@type\":\"ListItem\",\"position\":3,\"name\":\"Coroa Padr\u00e3o Boutique\"}]},{\"@type\":\"WebSite\",\"@id\":\"https:\/\/coroasfloresbh.com.br\/coroas\/#website\",\"url\":\"https:\/\/coroasfloresbh.com.br\/coroas\/\",\"name\":\"Coroas de flores\",\"description\":\"Coroa de flores online,venda de coroas de flores\",\"potentialAction\":[{\"@type\":\"SearchAction\",\"target\":{\"@type\":\"EntryPoint\",\"urlTemplate\":\"https:\/\/coroasfloresbh.com.br\/coroas\/?s={search_term_string}\"},\"query-input\":{\"@type\":\"PropertyValueSpecification\",\"valueRequired\":true,\"valueName\":\"search_term_string\"}}],\"inLanguage\":\"pt-BR\"}]}<\/script>\n<!-- \/ Yoast SEO plugin. -->","yoast_head_json":{"title":"Coroa Padr\u00e3o Boutique - Coroas de flores","robots":{"index":"index","follow":"follow","max-snippet":"max-snippet:-1","max-image-preview":"max-image-preview:large","max-video-preview":"max-video-preview:-1"},"canonical":"https:\/\/coroasfloresbh.com.br\/coroas\/produto\/coroa-padrao-boutique\/","og_locale":"pt_BR","og_type":"article","og_title":"Coroa Padr\u00e3o Boutique - Coroas de flores","og_description":"Nossa coroa de flores Boutique Padr\u00e3o mede 1 metro de altura e \u00e9 composto por uma combina\u00e7\u00e3o de flores altamente simb\u00f3licas, incluindo g\u00e9rberas, girass\u00f3is, copo-de-leite, ant\u00farios e tango. Cada uma dessas flores representa uma mensagem \u00fanica de amor, respeito e honra.  As g\u00e9rbera s\u00e3o um s\u00edmbolo de beleza e alegria, enquanto os girass\u00f3is representam a luz e a esperan\u00e7a. Os copos-de-leite simbolizam a inoc\u00eancia e a pureza, e os ant\u00farios representam a honra e a admira\u00e7\u00e3o. O Tango simboliza o amor e a paix\u00e3o, enquanto as orqu\u00eddeas representam a eleg\u00e2ncia e a sofistica\u00e7\u00e3o.","og_url":"https:\/\/coroasfloresbh.com.br\/coroas\/produto\/coroa-padrao-boutique\/","og_site_name":"Coroas de flores","article_modified_time":"2023-06-01T19:56:15+00:00","og_image":[{"width":2128,"height":1416,"url":"https:\/\/coroasfloresbh.com.br\/wp-content\/uploads\/2023\/06\/botique-de-flores-51.jpg","type":"image\/jpeg"}],"twitter_card":"summary_large_image","twitter_misc":{"Est. tempo de leitura":"1 minuto"},"schema":{"@context":"https:\/\/schema.org","@graph":[{"@type":"WebPage","@id":"https:\/\/coroasfloresbh.com.br\/coroas\/produto\/coroa-padrao-boutique\/","url":"https:\/\/coroasfloresbh.com.br\/coroas\/produto\/coroa-padrao-boutique\/","name":"Coroa Padr\u00e3o Boutique - Coroas de flores","isPartOf":{"@id":"https:\/\/coroasfloresbh.com.br\/coroas\/#website"},"primaryImageOfPage":{"@id":"https:\/\/coroasfloresbh.com.br\/coroas\/produto\/coroa-padrao-boutique\/#primaryimage"},"image":{"@id":"https:\/\/coroasfloresbh.com.br\/coroas\/produto\/coroa-padrao-boutique\/#primaryimage"},"thumbnailUrl":"https:\/\/coroasfloresbh.com.br\/wp-content\/uploads\/2023\/06\/botique-de-flores-51.jpg","datePublished":"2023-05-14T17:06:36+00:00","dateModified":"2023-06-01T19:56:15+00:00","breadcrumb":{"@id":"https:\/\/coroasfloresbh.com.br\/coroas\/produto\/coroa-padrao-boutique\/#breadcrumb"},"inLanguage":"pt-BR","potentialAction":[{"@type":"ReadAction","target":["https:\/\/coroasfloresbh.com.br\/coroas\/produto\/coroa-padrao-boutique\/"]}]},{"@type":"ImageObject","inLanguage":"pt-BR","@id":"https:\/\/coroasfloresbh.com.br\/coroas\/produto\/coroa-padrao-boutique\/#primaryimage","url":"https:\/\/coroasfloresbh.com.br\/wp-content\/uploads\/2023\/06\/botique-de-flores-51.jpg","contentUrl":"https:\/\/coroasfloresbh.com.br\/wp-content\/uploads\/2023\/06\/botique-de-flores-51.jpg","width":2128,"height":1416},{"@type":"BreadcrumbList","@id":"https:\/\/coroasfloresbh.com.br\/coroas\/produto\/coroa-padrao-boutique\/#breadcrumb","itemListElement":[{"@type":"ListItem","position":1,"name":"In\u00edcio","item":"https:\/\/coroasfloresbh.com.br\/coroas\/"},{"@type":"ListItem","position":2,"name":"Loja","item":"https:\/\/coroasfloresbh.com.br\/coroas\/loja\/"},{"@type":"ListItem","position":3,"name":"Coroa Padr\u00e3o Boutique"}]},{"@type":"WebSite","@id":"https:\/\/coroasfloresbh.com.br\/coroas\/#website","url":"https:\/\/coroasfloresbh.com.br\/coroas\/","name":"Coroas de flores","description":"Coroa de flores online,venda de coroas de flores","potentialAction":[{"@type":"SearchAction","target":{"@type":"EntryPoint","urlTemplate":"https:\/\/coroasfloresbh.com.br\/coroas\/?s={search_term_string}"},"query-input":{"@type":"PropertyValueSpecification","valueRequired":true,"valueName":"search_term_string"}}],"inLanguage":"pt-BR"}]}},"_links":{"self":[{"href":"https:\/\/coroasfloresbh.com.br\/coroas\/wp-json\/wp\/v2\/product\/16101","targetHints":{"allow":["GET"]}}],"collection":[{"href":"https:\/\/coroasfloresbh.com.br\/coroas\/wp-json\/wp\/v2\/product"}],"about":[{"href":"https:\/\/coroasfloresbh.com.br\/coroas\/wp-json\/wp\/v2\/types\/product"}],"replies":[{"embeddable":true,"href":"https:\/\/coroasfloresbh.com.br\/coroas\/wp-json\/wp\/v2\/comments?post=16101"}],"version-history":[{"count":7,"href":"https:\/\/coroasfloresbh.com.br\/coroas\/wp-json\/wp\/v2\/product\/16101\/revisions"}],"predecessor-version":[{"id":16329,"href":"https:\/\/coroasfloresbh.com.br\/coroas\/wp-json\/wp\/v2\/product\/16101\/revisions\/16329"}],"wp:featuredmedia":[{"embeddable":true,"href":"https:\/\/coroasfloresbh.com.br\/coroas\/wp-json\/wp\/v2\/media\/16311"}],"wp:attachment":[{"href":"https:\/\/coroasfloresbh.com.br\/coroas\/wp-json\/wp\/v2\/media?parent=16101"}],"wp:term":[{"taxonomy":"product_brand","embeddable":true,"href":"https:\/\/coroasfloresbh.com.br\/coroas\/wp-json\/wp\/v2\/product_brand?post=16101"},{"taxonomy":"product_cat","embeddable":true,"href":"https:\/\/coroasfloresbh.com.br\/coroas\/wp-json\/wp\/v2\/product_cat?post=16101"},{"taxonomy":"product_tag","embeddable":true,"href":"https:\/\/coroasfloresbh.com.br\/coroas\/wp-json\/wp\/v2\/product_tag?post=16101"}],"curies":[{"name":"wp","href":"https:\/\/api.w.org\/{rel}","templated":true}]}}