{"id":16095,"date":"2023-05-14T14:01:22","date_gmt":"2023-05-14T17:01:22","guid":{"rendered":"http:\/\/coroasfloresbh.com.br\/?post_type=product&#038;p=16095"},"modified":"2023-08-01T14:29:18","modified_gmt":"2023-08-01T17:29:18","slug":"coroa-de-flores-a","status":"publish","type":"product","link":"https:\/\/coroasfloresbh.com.br\/coroas\/produto\/coroa-de-flores-a\/","title":{"rendered":"Coroa de Flores A"},"content":{"rendered":"\t\t<div data-elementor-type=\"product-post\" data-elementor-id=\"16095\" class=\"elementor elementor-16095\" data-elementor-post-type=\"product\">\n\t\t\t\t\t\t<section class=\"elementor-section elementor-top-section elementor-element elementor-element-a731feb elementor-section-boxed elementor-section-height-default elementor-section-height-default wd-section-disabled\" data-id=\"a731feb\" data-element_type=\"section\" data-e-type=\"section\">\n\t\t\t\t\t\t<div class=\"elementor-container elementor-column-gap-default\">\n\t\t\t\t\t<div class=\"elementor-column elementor-col-50 elementor-top-column elementor-element elementor-element-f2b2145\" data-id=\"f2b2145\" data-element_type=\"column\" data-e-type=\"column\">\n\t\t\t<div class=\"elementor-widget-wrap elementor-element-populated\">\n\t\t\t\t\t\t<div class=\"elementor-element elementor-element-1d763d7 color-scheme-inherit text-left elementor-widget elementor-widget-text-editor\" data-id=\"1d763d7\" data-element_type=\"widget\" data-e-type=\"widget\" data-widget_type=\"text-editor.default\">\n\t\t\t\t<div class=\"elementor-widget-container\">\n\t\t\t\t\t\t\t\t\t<h3><strong>Coroas de Flores A<\/strong><\/h3><p>Com a nossa coroa de flores A, voc\u00ea pode expressar sua simpatia e condol\u00eancias em um momento dif\u00edcil. Nossa coroa de flores mede 1,20m de altura e \u00e9 composta por uma combina\u00e7\u00e3o de flores altamente simb\u00f3licas.<\/p><p>A coroa \u00e9 feita com cris\u00e2ntemos, palmas, tango e g\u00e9rberas, cada um representando uma mensagem \u00fanica de amor e respeito. Os cris\u00e2ntemos representam a vida eterna, enquanto as palmas s\u00e3o um s\u00edmbolo de triunfo sobre a morte. O Tango simboliza o amor e a paix\u00e3o, enquanto as g\u00e9rberas s\u00e3o um s\u00edmbolo de beleza e alegria.<\/p><p>Todas essas flores s\u00e3o cuidadosamente selecionadas e dispostas com habilidade para formar uma coroa impressionante e tocante. Cada detalhe \u00e9 importante para que sua homenagem seja apropriada, respeitosa e emocional.<\/p><p>Nossa equipe experiente est\u00e1 dispon\u00edvel para ajud\u00e1-lo em cada etapa do processo. N\u00f3s garantimos a entrega da coroa de flores no local e hor\u00e1rio desejado, com o mais alto padr\u00e3o de qualidade.<\/p>\t\t\t\t\t\t\t\t<\/div>\n\t\t\t\t<\/div>\n\t\t\t\t\t<\/div>\n\t\t<\/div>\n\t\t\t\t<div class=\"elementor-column elementor-col-50 elementor-top-column elementor-element elementor-element-c46c718\" data-id=\"c46c718\" data-element_type=\"column\" data-e-type=\"column\">\n\t\t\t<div class=\"elementor-widget-wrap elementor-element-populated\">\n\t\t\t\t\t\t<div class=\"elementor-element elementor-element-8d9124d elementor-widget elementor-widget-image\" data-id=\"8d9124d\" data-element_type=\"widget\" data-e-type=\"widget\" data-widget_type=\"image.default\">\n\t\t\t\t<div class=\"elementor-widget-container\">\n\t\t\t\t\t\t\t\t\t\t\t\t\t\t\t<img decoding=\"async\" src=\"http:\/\/coroasfloresbh.com.br\/wp-content\/uploads\/2023\/05\/coroa-A.jpg\" title=\"\" alt=\"\" loading=\"lazy\" \/>\t\t\t\t\t\t\t\t\t\t\t\t\t\t\t<\/div>\n\t\t\t\t<\/div>\n\t\t\t\t\t<\/div>\n\t\t<\/div>\n\t\t\t\t\t<\/div>\n\t\t<\/section>\n\t\t\t\t<\/div>\n\t\t","protected":false},"excerpt":{"rendered":"<p>Com a nossa coroa de flores A, voc\u00ea pode expressar sua simpatia e condol\u00eancias em um momento dif\u00edcil. <span style=\"color: #800000;\"><strong>Nossa coroa de flores mede 1,20m de altura e \u00e9 composta por uma combina\u00e7\u00e3o de flores altamente simb\u00f3licas.<\/strong><\/span><\/p>\n<p>A coroa \u00e9 feita com <span style=\"color: #800000;\"><strong>cris\u00e2ntemos, palmas, tango e g\u00e9rberas<\/strong><\/span>, cada um representando uma mensagem \u00fanica de amor e respeito. Os cris\u00e2ntemos representam a vida eterna, enquanto as palmas s\u00e3o um s\u00edmbolo de triunfo sobre a morte. O Tango simboliza o amor e a paix\u00e3o, enquanto as g\u00e9rberas s\u00e3o um s\u00edmbolo de beleza e alegria.<\/p>\n","protected":false},"featured_media":16310,"comment_status":"closed","ping_status":"closed","template":"","meta":[],"product_brand":[],"product_cat":[28],"product_tag":[99,72,74],"class_list":{"0":"post-16095","1":"product","2":"type-product","3":"status-publish","4":"has-post-thumbnail","6":"product_cat-coroas-padrao","7":"product_tag-coroa-de-flores-crisantemo","8":"product_tag-coroa-de-flores-de-velorio","9":"product_tag-coroas-para-velorio","10":"wcpa_has_options","12":"first","13":"instock","14":"shipping-taxable","15":"purchasable","16":"product-type-simple"},"yoast_head":"<!-- This site is optimized with the Yoast SEO plugin v27.0 - https:\/\/yoast.com\/product\/yoast-seo-wordpress\/ -->\n<title>Coroa de Flores A - Coroas de flores<\/title>\n<meta name=\"robots\" content=\"index, follow, max-snippet:-1, max-image-preview:large, max-video-preview:-1\" \/>\n<link rel=\"canonical\" href=\"https:\/\/coroasfloresbh.com.br\/coroas\/produto\/coroa-de-flores-a\/\" \/>\n<meta property=\"og:locale\" content=\"pt_BR\" \/>\n<meta property=\"og:type\" content=\"article\" \/>\n<meta property=\"og:title\" content=\"Coroa de Flores A - Coroas de flores\" \/>\n<meta property=\"og:description\" content=\"Com a nossa coroa de flores A, voc\u00ea pode expressar sua simpatia e condol\u00eancias em um momento dif\u00edcil. Nossa coroa de flores mede 1,20m de altura e \u00e9 composta por uma combina\u00e7\u00e3o de flores altamente simb\u00f3licas.  A coroa \u00e9 feita com cris\u00e2ntemos, palmas, tango e g\u00e9rberas, cada um representando uma mensagem \u00fanica de amor e respeito. Os cris\u00e2ntemos representam a vida eterna, enquanto as palmas s\u00e3o um s\u00edmbolo de triunfo sobre a morte. O Tango simboliza o amor e a paix\u00e3o, enquanto as g\u00e9rberas s\u00e3o um s\u00edmbolo de beleza e alegria.\" \/>\n<meta property=\"og:url\" content=\"https:\/\/coroasfloresbh.com.br\/coroas\/produto\/coroa-de-flores-a\/\" \/>\n<meta property=\"og:site_name\" content=\"Coroas de flores\" \/>\n<meta property=\"article:modified_time\" content=\"2023-08-01T17:29:18+00:00\" \/>\n<meta property=\"og:image\" content=\"https:\/\/coroasfloresbh.com.br\/wp-content\/uploads\/2023\/06\/botique-de-flores-50.jpg\" \/>\n\t<meta property=\"og:image:width\" content=\"2128\" \/>\n\t<meta property=\"og:image:height\" content=\"1416\" \/>\n\t<meta property=\"og:image:type\" content=\"image\/jpeg\" \/>\n<meta name=\"twitter:card\" content=\"summary_large_image\" \/>\n<meta name=\"twitter:label1\" content=\"Est. tempo de leitura\" \/>\n\t<meta name=\"twitter:data1\" content=\"1 minuto\" \/>\n<script type=\"application\/ld+json\" class=\"yoast-schema-graph\">{\"@context\":\"https:\/\/schema.org\",\"@graph\":[{\"@type\":\"WebPage\",\"@id\":\"https:\/\/coroasfloresbh.com.br\/coroas\/produto\/coroa-de-flores-a\/\",\"url\":\"https:\/\/coroasfloresbh.com.br\/coroas\/produto\/coroa-de-flores-a\/\",\"name\":\"Coroa de Flores A - Coroas de flores\",\"isPartOf\":{\"@id\":\"https:\/\/coroasfloresbh.com.br\/coroas\/#website\"},\"primaryImageOfPage\":{\"@id\":\"https:\/\/coroasfloresbh.com.br\/coroas\/produto\/coroa-de-flores-a\/#primaryimage\"},\"image\":{\"@id\":\"https:\/\/coroasfloresbh.com.br\/coroas\/produto\/coroa-de-flores-a\/#primaryimage\"},\"thumbnailUrl\":\"https:\/\/coroasfloresbh.com.br\/wp-content\/uploads\/2023\/06\/botique-de-flores-50.jpg\",\"datePublished\":\"2023-05-14T17:01:22+00:00\",\"dateModified\":\"2023-08-01T17:29:18+00:00\",\"breadcrumb\":{\"@id\":\"https:\/\/coroasfloresbh.com.br\/coroas\/produto\/coroa-de-flores-a\/#breadcrumb\"},\"inLanguage\":\"pt-BR\",\"potentialAction\":[{\"@type\":\"ReadAction\",\"target\":[\"https:\/\/coroasfloresbh.com.br\/coroas\/produto\/coroa-de-flores-a\/\"]}]},{\"@type\":\"ImageObject\",\"inLanguage\":\"pt-BR\",\"@id\":\"https:\/\/coroasfloresbh.com.br\/coroas\/produto\/coroa-de-flores-a\/#primaryimage\",\"url\":\"https:\/\/coroasfloresbh.com.br\/wp-content\/uploads\/2023\/06\/botique-de-flores-50.jpg\",\"contentUrl\":\"https:\/\/coroasfloresbh.com.br\/wp-content\/uploads\/2023\/06\/botique-de-flores-50.jpg\",\"width\":2128,\"height\":1416},{\"@type\":\"BreadcrumbList\",\"@id\":\"https:\/\/coroasfloresbh.com.br\/coroas\/produto\/coroa-de-flores-a\/#breadcrumb\",\"itemListElement\":[{\"@type\":\"ListItem\",\"position\":1,\"name\":\"In\u00edcio\",\"item\":\"https:\/\/coroasfloresbh.com.br\/coroas\/\"},{\"@type\":\"ListItem\",\"position\":2,\"name\":\"Loja\",\"item\":\"https:\/\/coroasfloresbh.com.br\/coroas\/loja\/\"},{\"@type\":\"ListItem\",\"position\":3,\"name\":\"Coroa de Flores A\"}]},{\"@type\":\"WebSite\",\"@id\":\"https:\/\/coroasfloresbh.com.br\/coroas\/#website\",\"url\":\"https:\/\/coroasfloresbh.com.br\/coroas\/\",\"name\":\"Coroas de flores\",\"description\":\"Coroa de flores online,venda de coroas de flores\",\"potentialAction\":[{\"@type\":\"SearchAction\",\"target\":{\"@type\":\"EntryPoint\",\"urlTemplate\":\"https:\/\/coroasfloresbh.com.br\/coroas\/?s={search_term_string}\"},\"query-input\":{\"@type\":\"PropertyValueSpecification\",\"valueRequired\":true,\"valueName\":\"search_term_string\"}}],\"inLanguage\":\"pt-BR\"}]}<\/script>\n<!-- \/ Yoast SEO plugin. -->","yoast_head_json":{"title":"Coroa de Flores A - Coroas de flores","robots":{"index":"index","follow":"follow","max-snippet":"max-snippet:-1","max-image-preview":"max-image-preview:large","max-video-preview":"max-video-preview:-1"},"canonical":"https:\/\/coroasfloresbh.com.br\/coroas\/produto\/coroa-de-flores-a\/","og_locale":"pt_BR","og_type":"article","og_title":"Coroa de Flores A - Coroas de flores","og_description":"Com a nossa coroa de flores A, voc\u00ea pode expressar sua simpatia e condol\u00eancias em um momento dif\u00edcil. Nossa coroa de flores mede 1,20m de altura e \u00e9 composta por uma combina\u00e7\u00e3o de flores altamente simb\u00f3licas.  A coroa \u00e9 feita com cris\u00e2ntemos, palmas, tango e g\u00e9rberas, cada um representando uma mensagem \u00fanica de amor e respeito. Os cris\u00e2ntemos representam a vida eterna, enquanto as palmas s\u00e3o um s\u00edmbolo de triunfo sobre a morte. O Tango simboliza o amor e a paix\u00e3o, enquanto as g\u00e9rberas s\u00e3o um s\u00edmbolo de beleza e alegria.","og_url":"https:\/\/coroasfloresbh.com.br\/coroas\/produto\/coroa-de-flores-a\/","og_site_name":"Coroas de flores","article_modified_time":"2023-08-01T17:29:18+00:00","og_image":[{"width":2128,"height":1416,"url":"https:\/\/coroasfloresbh.com.br\/wp-content\/uploads\/2023\/06\/botique-de-flores-50.jpg","type":"image\/jpeg"}],"twitter_card":"summary_large_image","twitter_misc":{"Est. tempo de leitura":"1 minuto"},"schema":{"@context":"https:\/\/schema.org","@graph":[{"@type":"WebPage","@id":"https:\/\/coroasfloresbh.com.br\/coroas\/produto\/coroa-de-flores-a\/","url":"https:\/\/coroasfloresbh.com.br\/coroas\/produto\/coroa-de-flores-a\/","name":"Coroa de Flores A - Coroas de flores","isPartOf":{"@id":"https:\/\/coroasfloresbh.com.br\/coroas\/#website"},"primaryImageOfPage":{"@id":"https:\/\/coroasfloresbh.com.br\/coroas\/produto\/coroa-de-flores-a\/#primaryimage"},"image":{"@id":"https:\/\/coroasfloresbh.com.br\/coroas\/produto\/coroa-de-flores-a\/#primaryimage"},"thumbnailUrl":"https:\/\/coroasfloresbh.com.br\/wp-content\/uploads\/2023\/06\/botique-de-flores-50.jpg","datePublished":"2023-05-14T17:01:22+00:00","dateModified":"2023-08-01T17:29:18+00:00","breadcrumb":{"@id":"https:\/\/coroasfloresbh.com.br\/coroas\/produto\/coroa-de-flores-a\/#breadcrumb"},"inLanguage":"pt-BR","potentialAction":[{"@type":"ReadAction","target":["https:\/\/coroasfloresbh.com.br\/coroas\/produto\/coroa-de-flores-a\/"]}]},{"@type":"ImageObject","inLanguage":"pt-BR","@id":"https:\/\/coroasfloresbh.com.br\/coroas\/produto\/coroa-de-flores-a\/#primaryimage","url":"https:\/\/coroasfloresbh.com.br\/wp-content\/uploads\/2023\/06\/botique-de-flores-50.jpg","contentUrl":"https:\/\/coroasfloresbh.com.br\/wp-content\/uploads\/2023\/06\/botique-de-flores-50.jpg","width":2128,"height":1416},{"@type":"BreadcrumbList","@id":"https:\/\/coroasfloresbh.com.br\/coroas\/produto\/coroa-de-flores-a\/#breadcrumb","itemListElement":[{"@type":"ListItem","position":1,"name":"In\u00edcio","item":"https:\/\/coroasfloresbh.com.br\/coroas\/"},{"@type":"ListItem","position":2,"name":"Loja","item":"https:\/\/coroasfloresbh.com.br\/coroas\/loja\/"},{"@type":"ListItem","position":3,"name":"Coroa de Flores A"}]},{"@type":"WebSite","@id":"https:\/\/coroasfloresbh.com.br\/coroas\/#website","url":"https:\/\/coroasfloresbh.com.br\/coroas\/","name":"Coroas de flores","description":"Coroa de flores online,venda de coroas de flores","potentialAction":[{"@type":"SearchAction","target":{"@type":"EntryPoint","urlTemplate":"https:\/\/coroasfloresbh.com.br\/coroas\/?s={search_term_string}"},"query-input":{"@type":"PropertyValueSpecification","valueRequired":true,"valueName":"search_term_string"}}],"inLanguage":"pt-BR"}]}},"_links":{"self":[{"href":"https:\/\/coroasfloresbh.com.br\/coroas\/wp-json\/wp\/v2\/product\/16095","targetHints":{"allow":["GET"]}}],"collection":[{"href":"https:\/\/coroasfloresbh.com.br\/coroas\/wp-json\/wp\/v2\/product"}],"about":[{"href":"https:\/\/coroasfloresbh.com.br\/coroas\/wp-json\/wp\/v2\/types\/product"}],"replies":[{"embeddable":true,"href":"https:\/\/coroasfloresbh.com.br\/coroas\/wp-json\/wp\/v2\/comments?post=16095"}],"version-history":[{"count":6,"href":"https:\/\/coroasfloresbh.com.br\/coroas\/wp-json\/wp\/v2\/product\/16095\/revisions"}],"predecessor-version":[{"id":16360,"href":"https:\/\/coroasfloresbh.com.br\/coroas\/wp-json\/wp\/v2\/product\/16095\/revisions\/16360"}],"wp:featuredmedia":[{"embeddable":true,"href":"https:\/\/coroasfloresbh.com.br\/coroas\/wp-json\/wp\/v2\/media\/16310"}],"wp:attachment":[{"href":"https:\/\/coroasfloresbh.com.br\/coroas\/wp-json\/wp\/v2\/media?parent=16095"}],"wp:term":[{"taxonomy":"product_brand","embeddable":true,"href":"https:\/\/coroasfloresbh.com.br\/coroas\/wp-json\/wp\/v2\/product_brand?post=16095"},{"taxonomy":"product_cat","embeddable":true,"href":"https:\/\/coroasfloresbh.com.br\/coroas\/wp-json\/wp\/v2\/product_cat?post=16095"},{"taxonomy":"product_tag","embeddable":true,"href":"https:\/\/coroasfloresbh.com.br\/coroas\/wp-json\/wp\/v2\/product_tag?post=16095"}],"curies":[{"name":"wp","href":"https:\/\/api.w.org\/{rel}","templated":true}]}}